{"id":250,"date":"2020-09-17T13:52:18","date_gmt":"2020-09-17T16:52:18","guid":{"rendered":"http:\/\/goclub.com.ar\/?page_id=250"},"modified":"2023-01-20T11:42:36","modified_gmt":"2023-01-20T14:42:36","slug":"configuracion-general","status":"publish","type":"page","link":"https:\/\/goclub.com.ar\/?page_id=250","title":{"rendered":"Configuraci\u00f3n general"},"content":{"rendered":"<p>[vc_row full_width=&#8221;stretch_row_content_no_spaces&#8221; css=&#8221;.vc_custom_1602599784182{margin-top: 100px !important;padding-top: 150px !important;padding-bottom: 150px !important;background: #17479b url(http:\/\/goclub.com.ar\/wp-content\/uploads\/2020\/10\/fondo-2.png?id=516) !important;}&#8221;][vc_column][vc_single_image image=&#8221;551&#8243; alignment=&#8221;center&#8221;]<header class=\"kd-section-title col-lg-12 text-center solid-line sep-border-width-2    \" ><h1 class=\"separator_on\" style=\"color: #ffffff;\">Configuraci\u00f3n general<\/h1><div class=\"kd-separator below_title\" ><div class=\"kd-separator-line\" style=\"border-color:#ffffff\"><\/div><\/div><h6 class=\"subtitle \" style=\"color: #ffffff;\">El sistema permite personalizar ajustes elementales bas\u00e1ndose en las necesidades de su club.<\/h6><\/header>[\/vc_column][\/vc_row][vc_row css=&#8221;.vc_custom_1600364253341{margin-top: 50px !important;margin-bottom: 50px !important;}&#8221;][vc_column]<div class=\"features-tabs kd-tabswrapper-6385069eb778543fba tabs-image-right tab-img-contained kd-animated fadeIn\" data-animation-delay=600>\r\n\t\t\t\t<div id=\"kd-extab-7842769eb7785442ba\">\r\n\t\t\t\t<div class=\"tab-image-container\"><img width=\"500\" height=\"338\" src=\"https:\/\/goclub.com.ar\/wp-content\/uploads\/2020\/09\/1-1.png\" class=\"attachment-full\" alt=\"\" loading=\"lazy\" srcset=\"https:\/\/goclub.com.ar\/wp-content\/uploads\/2020\/09\/1-1.png 500w, https:\/\/goclub.com.ar\/wp-content\/uploads\/2020\/09\/1-1-300x203.png 300w\" sizes=\"(max-width: 500px) 100vw, 500px\" \/><\/div>\r\n\t\t\t\t<div class=\"tab-text-container\">\r\n\t\t\t\t\t<h2 class=\"tab-title\">Pantalla de inicio acceso r\u00e1pido<\/h2><p class=\"tab-content\">Permite observar gr\u00e1ficos de evoluci\u00f3n de las \u00e1reas claves de la instituci\u00f3n, como cobranzas de cuotas societarias y la brecha existente entre lo cobrado y lo esperado. Permite tambi\u00e9n un acceso simplificado a datos de relevancia, como societarios y de actas de asamblea.<\/p><\/div>\r\n\t\t\t\t<\/div>\r\n\t\t\t\t<li class=\"tab-control-item\">\r\n\t\t\t\t\t<a href=\"#kd-extab-7842769eb7785442ba\"> Pantalla de inicio acceso r\u00e1pido<\/a>\r\n\t\t\t\t<\/li><div id=\"kd-extab-1342769eb7785444c8\">\r\n\t\t\t\t<div class=\"tab-image-container\"><img width=\"500\" height=\"338\" src=\"https:\/\/goclub.com.ar\/wp-content\/uploads\/2020\/09\/general3.png\" class=\"attachment-full\" alt=\"\" loading=\"lazy\" srcset=\"https:\/\/goclub.com.ar\/wp-content\/uploads\/2020\/09\/general3.png 500w, https:\/\/goclub.com.ar\/wp-content\/uploads\/2020\/09\/general3-300x203.png 300w\" sizes=\"(max-width: 500px) 100vw, 500px\" \/><\/div>\r\n\t\t\t\t<div class=\"tab-text-container\">\r\n\t\t\t\t\t<h2 class=\"tab-title\">Listado de categor\u00edas sociales<\/h2><p class=\"tab-content\">Muestra las distintas categor\u00edas societarias que existen en la instituci\u00f3n, permitiendo agregar, editar o borrar las mismas.<\/p><\/div>\r\n\t\t\t\t<\/div>\r\n\t\t\t\t<li class=\"tab-control-item\">\r\n\t\t\t\t\t<a href=\"#kd-extab-1342769eb7785444c8\"> Listado de categor\u00edas sociales<\/a>\r\n\t\t\t\t<\/li><div id=\"kd-extab-8898869eb77854469a\">\r\n\t\t\t\t<div class=\"tab-image-container\"><img width=\"600\" height=\"397\" src=\"https:\/\/goclub.com.ar\/wp-content\/uploads\/2020\/09\/3-1.png\" class=\"attachment-full\" alt=\"\" loading=\"lazy\" srcset=\"https:\/\/goclub.com.ar\/wp-content\/uploads\/2020\/09\/3-1.png 600w, https:\/\/goclub.com.ar\/wp-content\/uploads\/2020\/09\/3-1-300x199.png 300w\" sizes=\"(max-width: 600px) 100vw, 600px\" \/><\/div>\r\n\t\t\t\t<div class=\"tab-text-container\">\r\n\t\t\t\t\t<h2 class=\"tab-title\">Editar categor\u00eda<\/h2><p class=\"tab-content\">Pantalla para la edici\u00f3n de cada categor\u00eda, en la cual se carga una descripci\u00f3n de la misma, las caracter\u00edsticas de los socios que la pueden integrar y el importe de la categor\u00eda en cuesti\u00f3n.<\/p><\/div>\r\n\t\t\t\t<\/div>\r\n\t\t\t\t<li class=\"tab-control-item\">\r\n\t\t\t\t\t<a href=\"#kd-extab-8898869eb77854469a\"> Editar categor\u00eda<\/a>\r\n\t\t\t\t<\/li>\r\n\t\t\t\t<ul class=\"tab-controls\"><\/ul>\r\n\t\t\t<\/div><script type=\"text\/javascript\">\r\n\t\t\t\tjQuery(document).ready(function($){\r\n\t\t\t\t\t$(\".features-tabs.kd-tabswrapper-6385069eb778543fba\").each( function () {\r\n\t\t\t\t\t\t$( \"li.tab-control-item\" , this ).appendTo( $( \".tab-controls\" , this ) );\r\n\t\t\t\t\t});\r\n\t\t\t\t});<\/script>[\/vc_column][\/vc_row][vc_row full_width=&#8221;stretch_row_content_no_spaces&#8221; css=&#8221;.vc_custom_1600371825345{padding-top: 100px !important;padding-bottom: 50px !important;background: #f7f7f7 url(http:\/\/goclub.com.ar\/wp-content\/uploads\/2020\/09\/triangles-small.png?id=205) !important;}&#8221;][vc_column]<header class=\"kd-section-title col-lg-12 text-center    \" ><h1 class=\"separator_off\" >\u00a1Conozca m\u00e1s sobre nuestro sistema!<\/h1><h6 class=\"subtitle \" >P\u00f3ngase en contacto con nuestros asesores y comience a gestionar su instituci\u00f3n con GoClub.<\/h6><\/header><a  href=\"https:\/\/goclub.com.ar\/?page_id=410\"  target=\"_self\"  title=\"Contacto\" class=\"tt_button tt_primary_button btn_primary_color  button-center button-action-link icon_left\" ><span class=\" iconita\"><\/span><span class=\"prim_text\">Cont\u00e1ctenos<\/span><\/a>[vc_column_text css=&#8221;.vc_custom_1674225746950{margin-top: 5px !important;}&#8221;]<\/p>\n<p style=\"text-align: center;\"><a href=\"https:\/\/goclub.com.ar\/?page_id=185\">Conocer otras funciones<\/a><\/p>\n<p>[\/vc_column_text][\/vc_column][\/vc_row]<\/p>\n","protected":false},"excerpt":{"rendered":"<p>[vc_row full_width=&#8221;stretch_row_content_no_spaces&#8221; css=&#8221;.vc_custom_1602599784182{margin-top: 100px !important;padding-top: 150px !important;padding-bottom: 150px !important;background: #17479b url(http:\/\/goclub.com.ar\/wp-content\/uploads\/2020\/10\/fondo-2.png?id=516) !important;}&#8221;][vc_column][vc_single_image image=&#8221;551&#8243; alignment=&#8221;center&#8221;][\/vc_column][\/vc_row][vc_row css=&#8221;.vc_custom_1600364253341{margin-top: 50px !important;margin-bottom: 50px !important;}&#8221;][vc_column][\/vc_column][\/vc_row][vc_row full_width=&#8221;stretch_row_content_no_spaces&#8221; [&hellip;]<\/p>\n","protected":false},"author":1,"featured_media":0,"parent":0,"menu_order":0,"comment_status":"closed","ping_status":"closed","template":"","meta":[],"_links":{"self":[{"href":"https:\/\/goclub.com.ar\/index.php?rest_route=\/wp\/v2\/pages\/250"}],"collection":[{"href":"https:\/\/goclub.com.ar\/index.php?rest_route=\/wp\/v2\/pages"}],"about":[{"href":"https:\/\/goclub.com.ar\/index.php?rest_route=\/wp\/v2\/types\/page"}],"author":[{"embeddable":true,"href":"https:\/\/goclub.com.ar\/index.php?rest_route=\/wp\/v2\/users\/1"}],"replies":[{"embeddable":true,"href":"https:\/\/goclub.com.ar\/index.php?rest_route=%2Fwp%2Fv2%2Fcomments&post=250"}],"version-history":[{"count":22,"href":"https:\/\/goclub.com.ar\/index.php?rest_route=\/wp\/v2\/pages\/250\/revisions"}],"predecessor-version":[{"id":696,"href":"https:\/\/goclub.com.ar\/index.php?rest_route=\/wp\/v2\/pages\/250\/revisions\/696"}],"wp:attachment":[{"href":"https:\/\/goclub.com.ar\/index.php?rest_route=%2Fwp%2Fv2%2Fmedia&parent=250"}],"curies":[{"name":"wp","href":"https:\/\/api.w.org\/{rel}","templated":true}]}}