{"id":300,"date":"2020-09-17T15:55:19","date_gmt":"2020-09-17T18:55:19","guid":{"rendered":"http:\/\/goclub.com.ar\/?page_id=300"},"modified":"2023-01-20T11:42:18","modified_gmt":"2023-01-20T14:42:18","slug":"cobranzas","status":"publish","type":"page","link":"https:\/\/goclub.com.ar\/?page_id=300","title":{"rendered":"Cobranzas"},"content":{"rendered":"<p>[vc_row full_width=&#8221;stretch_row_content_no_spaces&#8221; css=&#8221;.vc_custom_1602599760495{margin-top: 100px !important;padding-top: 150px !important;padding-bottom: 150px !important;background: #17479b url(http:\/\/goclub.com.ar\/wp-content\/uploads\/2020\/10\/fondo-2.png?id=516) !important;}&#8221;][vc_column][vc_single_image image=&#8221;550&#8243; alignment=&#8221;center&#8221;]<header class=\"kd-section-title col-lg-12 text-center solid-line sep-border-width-2    \" ><h1 class=\"separator_on\" style=\"color: #ffffff;\">Cobranzas<\/h1><div class=\"kd-separator below_title\" ><div class=\"kd-separator-line\" style=\"border-color:#ffffff\"><\/div><\/div><h6 class=\"subtitle \" style=\"color: #ffffff;\">Gestiones sus cobros con el sistema de c\u00f3digo de barras, establezca puntos de cobranza y cupones.<\/h6><\/header>[\/vc_column][\/vc_row][vc_row css=&#8221;.vc_custom_1600364253341{margin-top: 50px !important;margin-bottom: 50px !important;}&#8221;][vc_column]<div class=\"features-tabs kd-tabswrapper-1728369eb6ed4aae89 tabs-image-right tab-img-contained kd-animated fadeIn\" data-animation-delay=600>\r\n\t\t\t\t<div id=\"kd-extab-2329269eb6ed4ab18f\">\r\n\t\t\t\t<div class=\"tab-image-container\"><img width=\"600\" height=\"397\" src=\"https:\/\/goclub.com.ar\/wp-content\/uploads\/2020\/09\/10-1.png\" class=\"attachment-full\" alt=\"\" loading=\"lazy\" srcset=\"https:\/\/goclub.com.ar\/wp-content\/uploads\/2020\/09\/10-1.png 600w, https:\/\/goclub.com.ar\/wp-content\/uploads\/2020\/09\/10-1-300x199.png 300w\" sizes=\"(max-width: 600px) 100vw, 600px\" \/><\/div>\r\n\t\t\t\t<div class=\"tab-text-container\">\r\n\t\t\t\t\t<h2 class=\"tab-title\">Listado de cobradores<\/h2><p class=\"tab-content\">Muestra los distintos cobradores que trabajan en la instituci\u00f3n, permitiendo agregar, editar o borrar los mismos y asentar a que zona de cobranza est\u00e1n asociados.<\/p><\/div>\r\n\t\t\t\t<\/div>\r\n\t\t\t\t<li class=\"tab-control-item\">\r\n\t\t\t\t\t<a href=\"#kd-extab-2329269eb6ed4ab18f\"> Listado de cobradores<\/a>\r\n\t\t\t\t<\/li><div id=\"kd-extab-1575069eb6ed4ab39c\">\r\n\t\t\t\t<div class=\"tab-image-container\"><img width=\"600\" height=\"397\" src=\"https:\/\/goclub.com.ar\/wp-content\/uploads\/2020\/09\/11.png\" class=\"attachment-full\" alt=\"\" loading=\"lazy\" srcset=\"https:\/\/goclub.com.ar\/wp-content\/uploads\/2020\/09\/11.png 600w, https:\/\/goclub.com.ar\/wp-content\/uploads\/2020\/09\/11-300x199.png 300w\" sizes=\"(max-width: 600px) 100vw, 600px\" \/><\/div>\r\n\t\t\t\t<div class=\"tab-text-container\">\r\n\t\t\t\t\t<h2 class=\"tab-title\">Listad de puntos de cobranza<\/h2><p class=\"tab-content\">Muestra las distintas zonas de cobranza que existen en la instituci\u00f3n, permitiendo agregar, editar o borrar las mismos.<\/p><\/div>\r\n\t\t\t\t<\/div>\r\n\t\t\t\t<li class=\"tab-control-item\">\r\n\t\t\t\t\t<a href=\"#kd-extab-1575069eb6ed4ab39c\"> Listad de puntos de cobranza<\/a>\r\n\t\t\t\t<\/li><div id=\"kd-extab-7324769eb6ed4ab577\">\r\n\t\t\t\t<div class=\"tab-image-container\"><img width=\"600\" height=\"397\" src=\"https:\/\/goclub.com.ar\/wp-content\/uploads\/2020\/09\/12.png\" class=\"attachment-full\" alt=\"\" loading=\"lazy\" srcset=\"https:\/\/goclub.com.ar\/wp-content\/uploads\/2020\/09\/12.png 600w, https:\/\/goclub.com.ar\/wp-content\/uploads\/2020\/09\/12-300x199.png 300w\" sizes=\"(max-width: 600px) 100vw, 600px\" \/><\/div>\r\n\t\t\t\t<div class=\"tab-text-container\">\r\n\t\t\t\t\t<h2 class=\"tab-title\">Impresi\u00f3n de cupones para entregar<\/h2><p class=\"tab-content\">Pantalla que ejemplifica el formato de los cupones que se entregan al socio y quedan en la instituci\u00f3n.<\/p><\/div>\r\n\t\t\t\t<\/div>\r\n\t\t\t\t<li class=\"tab-control-item\">\r\n\t\t\t\t\t<a href=\"#kd-extab-7324769eb6ed4ab577\"> Impresi\u00f3n de cupones para entregar<\/a>\r\n\t\t\t\t<\/li><div id=\"kd-extab-7544469eb6ed4ab775\">\r\n\t\t\t\t<div class=\"tab-image-container\"><img width=\"600\" height=\"397\" src=\"https:\/\/goclub.com.ar\/wp-content\/uploads\/2020\/09\/13.png\" class=\"attachment-full\" alt=\"\" loading=\"lazy\" srcset=\"https:\/\/goclub.com.ar\/wp-content\/uploads\/2020\/09\/13.png 600w, https:\/\/goclub.com.ar\/wp-content\/uploads\/2020\/09\/13-300x199.png 300w\" sizes=\"(max-width: 600px) 100vw, 600px\" \/><\/div>\r\n\t\t\t\t<div class=\"tab-text-container\">\r\n\t\t\t\t\t<h2 class=\"tab-title\">Registro autom\u00e1tico de cupones de cobrador<\/h2><p class=\"tab-content\">Permite registrar a trav\u00e9s de un lector de c\u00f3digo de barras las cobranzas realizadas por los cobradores de manera autom\u00e1tica, permitiendo luego el control del dinero recibido.<\/p><\/div>\r\n\t\t\t\t<\/div>\r\n\t\t\t\t<li class=\"tab-control-item\">\r\n\t\t\t\t\t<a href=\"#kd-extab-7544469eb6ed4ab775\"> Registro autom\u00e1tico de cupones de cobrador<\/a>\r\n\t\t\t\t<\/li>\r\n\t\t\t\t<ul class=\"tab-controls\"><\/ul>\r\n\t\t\t<\/div><script type=\"text\/javascript\">\r\n\t\t\t\tjQuery(document).ready(function($){\r\n\t\t\t\t\t$(\".features-tabs.kd-tabswrapper-1728369eb6ed4aae89\").each( function () {\r\n\t\t\t\t\t\t$( \"li.tab-control-item\" , this ).appendTo( $( \".tab-controls\" , this ) );\r\n\t\t\t\t\t});\r\n\t\t\t\t});<\/script>[\/vc_column][\/vc_row][vc_row full_width=&#8221;stretch_row_content_no_spaces&#8221; css=&#8221;.vc_custom_1600371825345{padding-top: 100px !important;padding-bottom: 50px !important;background: #f7f7f7 url(http:\/\/goclub.com.ar\/wp-content\/uploads\/2020\/09\/triangles-small.png?id=205) !important;}&#8221;][vc_column]<header class=\"kd-section-title col-lg-12 text-center    \" ><h1 class=\"separator_off\" >\u00a1Conozca m\u00e1s sobre nuestro sistema!<\/h1><h6 class=\"subtitle \" >P\u00f3ngase en contacto con nuestros asesores y comience a gestionar su instituci\u00f3n con GoClub.<\/h6><\/header><a  href=\"https:\/\/goclub.com.ar\/?page_id=410\"  target=\"_self\"  title=\"Contacto\" class=\"tt_button tt_primary_button btn_primary_color  button-center button-action-link icon_left\" ><span class=\" iconita\"><\/span><span class=\"prim_text\">Cont\u00e1ctenos<\/span><\/a>[vc_column_text css=&#8221;.vc_custom_1674225736125{margin-top: 5px !important;}&#8221;]<\/p>\n<p style=\"text-align: center;\"><a href=\"https:\/\/goclub.com.ar\/?page_id=185\">Conocer otras funciones<\/a><\/p>\n<p>[\/vc_column_text][\/vc_column][\/vc_row]<\/p>\n","protected":false},"excerpt":{"rendered":"<p>[vc_row full_width=&#8221;stretch_row_content_no_spaces&#8221; css=&#8221;.vc_custom_1602599760495{margin-top: 100px !important;padding-top: 150px !important;padding-bottom: 150px !important;background: #17479b url(http:\/\/goclub.com.ar\/wp-content\/uploads\/2020\/10\/fondo-2.png?id=516) !important;}&#8221;][vc_column][vc_single_image image=&#8221;550&#8243; alignment=&#8221;center&#8221;][\/vc_column][\/vc_row][vc_row css=&#8221;.vc_custom_1600364253341{margin-top: 50px !important;margin-bottom: 50px !important;}&#8221;][vc_column][\/vc_column][\/vc_row][vc_row full_width=&#8221;stretch_row_content_no_spaces&#8221; [&hellip;]<\/p>\n","protected":false},"author":1,"featured_media":0,"parent":0,"menu_order":0,"comment_status":"closed","ping_status":"closed","template":"","meta":[],"_links":{"self":[{"href":"https:\/\/goclub.com.ar\/index.php?rest_route=\/wp\/v2\/pages\/300"}],"collection":[{"href":"https:\/\/goclub.com.ar\/index.php?rest_route=\/wp\/v2\/pages"}],"about":[{"href":"https:\/\/goclub.com.ar\/index.php?rest_route=\/wp\/v2\/types\/page"}],"author":[{"embeddable":true,"href":"https:\/\/goclub.com.ar\/index.php?rest_route=\/wp\/v2\/users\/1"}],"replies":[{"embeddable":true,"href":"https:\/\/goclub.com.ar\/index.php?rest_route=%2Fwp%2Fv2%2Fcomments&post=300"}],"version-history":[{"count":14,"href":"https:\/\/goclub.com.ar\/index.php?rest_route=\/wp\/v2\/pages\/300\/revisions"}],"predecessor-version":[{"id":695,"href":"https:\/\/goclub.com.ar\/index.php?rest_route=\/wp\/v2\/pages\/300\/revisions\/695"}],"wp:attachment":[{"href":"https:\/\/goclub.com.ar\/index.php?rest_route=%2Fwp%2Fv2%2Fmedia&parent=300"}],"curies":[{"name":"wp","href":"https:\/\/api.w.org\/{rel}","templated":true}]}}