{"id":308,"date":"2020-09-17T16:05:56","date_gmt":"2020-09-17T19:05:56","guid":{"rendered":"http:\/\/goclub.com.ar\/?page_id=308"},"modified":"2023-01-20T11:41:56","modified_gmt":"2023-01-20T14:41:56","slug":"actividades","status":"publish","type":"page","link":"https:\/\/goclub.com.ar\/?page_id=308","title":{"rendered":"Actividades"},"content":{"rendered":"<p>[vc_row full_width=&#8221;stretch_row_content_no_spaces&#8221; css=&#8221;.vc_custom_1602599664108{margin-top: 100px !important;padding-top: 150px !important;padding-bottom: 150px !important;background: #17479b url(http:\/\/goclub.com.ar\/wp-content\/uploads\/2020\/10\/fondo-2.png?id=516) !important;}&#8221;][vc_column][vc_single_image image=&#8221;553&#8243; alignment=&#8221;center&#8221;]<header class=\"kd-section-title col-lg-12 text-center solid-line sep-border-width-2    \" ><h1 class=\"separator_on\" style=\"color: #ffffff;\">Actividades<\/h1><div class=\"kd-separator below_title\" ><div class=\"kd-separator-line\" style=\"border-color:#ffffff\"><\/div><\/div><h6 class=\"subtitle \" style=\"color: #ffffff;\">ABM de actividades de la instituci\u00f3n, vinculaci\u00f3n de socios por actividad y edici\u00f3n de las mismas.<\/h6><\/header>[\/vc_column][\/vc_row][vc_row css=&#8221;.vc_custom_1600364253341{margin-top: 50px !important;margin-bottom: 50px !important;}&#8221;][vc_column]<div class=\"features-tabs kd-tabswrapper-9286869eb72f8d794c tabs-image-right tab-img-contained kd-animated fadeIn\" data-animation-delay=600>\r\n\t\t\t\t<div id=\"kd-extab-6112369eb72f8d7cc9\">\r\n\t\t\t\t<div class=\"tab-image-container\"><img width=\"600\" height=\"397\" src=\"https:\/\/goclub.com.ar\/wp-content\/uploads\/2020\/09\/14-1.png\" class=\"attachment-full\" alt=\"\" loading=\"lazy\" srcset=\"https:\/\/goclub.com.ar\/wp-content\/uploads\/2020\/09\/14-1.png 600w, https:\/\/goclub.com.ar\/wp-content\/uploads\/2020\/09\/14-1-300x199.png 300w\" sizes=\"(max-width: 600px) 100vw, 600px\" \/><\/div>\r\n\t\t\t\t<div class=\"tab-text-container\">\r\n\t\t\t\t\t<h2 class=\"tab-title\">Listado de actividades<\/h2><p class=\"tab-content\">Muestra las distintas actividades que se practican en la instituci\u00f3n, permitiendo agregar, editar o borrar las mismas. Permite tambi\u00e9n acceder a las mismas y a los reportes de cada una.<\/p><\/div>\r\n\t\t\t\t<\/div>\r\n\t\t\t\t<li class=\"tab-control-item\">\r\n\t\t\t\t\t<a href=\"#kd-extab-6112369eb72f8d7cc9\"> Listado de actividades<\/a>\r\n\t\t\t\t<\/li><div id=\"kd-extab-1915169eb72f8d7f19\">\r\n\t\t\t\t<div class=\"tab-image-container\"><img width=\"600\" height=\"397\" src=\"https:\/\/goclub.com.ar\/wp-content\/uploads\/2020\/09\/15.png\" class=\"attachment-full\" alt=\"\" loading=\"lazy\" srcset=\"https:\/\/goclub.com.ar\/wp-content\/uploads\/2020\/09\/15.png 600w, https:\/\/goclub.com.ar\/wp-content\/uploads\/2020\/09\/15-300x199.png 300w\" sizes=\"(max-width: 600px) 100vw, 600px\" \/><\/div>\r\n\t\t\t\t<div class=\"tab-text-container\">\r\n\t\t\t\t\t<h2 class=\"tab-title\">Editar datos de actividad<\/h2><p class=\"tab-content\">Permite la edici\u00f3n de los datos de la actividad, en la cual se carga una descripci\u00f3n de la misma, las caracter\u00edsticas de los socios que la pueden integrar y el importe fijo que se cobra por la misma o un cuadro tarifario en caso de que la misma tenga varios importes posibles.<\/p><\/div>\r\n\t\t\t\t<\/div>\r\n\t\t\t\t<li class=\"tab-control-item\">\r\n\t\t\t\t\t<a href=\"#kd-extab-1915169eb72f8d7f19\"> Editar datos de actividad<\/a>\r\n\t\t\t\t<\/li><div id=\"kd-extab-3672169eb72f8d8233\">\r\n\t\t\t\t<div class=\"tab-image-container\"><img width=\"600\" height=\"397\" src=\"https:\/\/goclub.com.ar\/wp-content\/uploads\/2020\/09\/16.png\" class=\"attachment-full\" alt=\"\" loading=\"lazy\" srcset=\"https:\/\/goclub.com.ar\/wp-content\/uploads\/2020\/09\/16.png 600w, https:\/\/goclub.com.ar\/wp-content\/uploads\/2020\/09\/16-300x199.png 300w\" sizes=\"(max-width: 600px) 100vw, 600px\" \/><\/div>\r\n\t\t\t\t<div class=\"tab-text-container\">\r\n\t\t\t\t\t<h2 class=\"tab-title\">Listado de socios por actividades<\/h2><p class=\"tab-content\">Muestra el listado de los asociados a la actividad en cuesti\u00f3n, junto con la informaci\u00f3n m\u00e1s trascendente de los mismos, permitiendo agregar, editar o borrarlos de la actividad. Permite tambi\u00e9n la b\u00fasqueda de socios para agregar a las mismas.<\/p><\/div>\r\n\t\t\t\t<\/div>\r\n\t\t\t\t<li class=\"tab-control-item\">\r\n\t\t\t\t\t<a href=\"#kd-extab-3672169eb72f8d8233\"> Listado de socios por actividades<\/a>\r\n\t\t\t\t<\/li>\r\n\t\t\t\t<ul class=\"tab-controls\"><\/ul>\r\n\t\t\t<\/div><script type=\"text\/javascript\">\r\n\t\t\t\tjQuery(document).ready(function($){\r\n\t\t\t\t\t$(\".features-tabs.kd-tabswrapper-9286869eb72f8d794c\").each( function () {\r\n\t\t\t\t\t\t$( \"li.tab-control-item\" , this ).appendTo( $( \".tab-controls\" , this ) );\r\n\t\t\t\t\t});\r\n\t\t\t\t});<\/script>[\/vc_column][\/vc_row][vc_row full_width=&#8221;stretch_row_content_no_spaces&#8221; css=&#8221;.vc_custom_1600371825345{padding-top: 100px !important;padding-bottom: 50px !important;background: #f7f7f7 url(http:\/\/goclub.com.ar\/wp-content\/uploads\/2020\/09\/triangles-small.png?id=205) !important;}&#8221;][vc_column]<header class=\"kd-section-title col-lg-12 text-center    \" ><h1 class=\"separator_off\" >\u00a1Conozca m\u00e1s sobre nuestro sistema!<\/h1><h6 class=\"subtitle \" >P\u00f3ngase en contacto con nuestros asesores y comience a gestionar su instituci\u00f3n con GoClub.<\/h6><\/header><a  href=\"https:\/\/goclub.com.ar\/?page_id=410\"  target=\"_self\"  title=\"Contacto\" class=\"tt_button tt_primary_button btn_primary_color  button-center button-action-link icon_left\" ><span class=\" iconita\"><\/span><span class=\"prim_text\">Cont\u00e1ctenos<\/span><\/a>[vc_column_text css=&#8221;.vc_custom_1674225715077{margin-top: 5px !important;}&#8221;]<\/p>\n<p style=\"text-align: center;\"><a href=\"https:\/\/goclub.com.ar\/?page_id=185\">Conocer otras funciones<\/a><\/p>\n<p>[\/vc_column_text][\/vc_column][\/vc_row]<\/p>\n","protected":false},"excerpt":{"rendered":"<p>[vc_row full_width=&#8221;stretch_row_content_no_spaces&#8221; css=&#8221;.vc_custom_1602599664108{margin-top: 100px !important;padding-top: 150px !important;padding-bottom: 150px !important;background: #17479b url(http:\/\/goclub.com.ar\/wp-content\/uploads\/2020\/10\/fondo-2.png?id=516) !important;}&#8221;][vc_column][vc_single_image image=&#8221;553&#8243; alignment=&#8221;center&#8221;][\/vc_column][\/vc_row][vc_row css=&#8221;.vc_custom_1600364253341{margin-top: 50px !important;margin-bottom: 50px !important;}&#8221;][vc_column][\/vc_column][\/vc_row][vc_row full_width=&#8221;stretch_row_content_no_spaces&#8221; [&hellip;]<\/p>\n","protected":false},"author":1,"featured_media":0,"parent":0,"menu_order":0,"comment_status":"closed","ping_status":"closed","template":"","meta":[],"_links":{"self":[{"href":"https:\/\/goclub.com.ar\/index.php?rest_route=\/wp\/v2\/pages\/308"}],"collection":[{"href":"https:\/\/goclub.com.ar\/index.php?rest_route=\/wp\/v2\/pages"}],"about":[{"href":"https:\/\/goclub.com.ar\/index.php?rest_route=\/wp\/v2\/types\/page"}],"author":[{"embeddable":true,"href":"https:\/\/goclub.com.ar\/index.php?rest_route=\/wp\/v2\/users\/1"}],"replies":[{"embeddable":true,"href":"https:\/\/goclub.com.ar\/index.php?rest_route=%2Fwp%2Fv2%2Fcomments&post=308"}],"version-history":[{"count":8,"href":"https:\/\/goclub.com.ar\/index.php?rest_route=\/wp\/v2\/pages\/308\/revisions"}],"predecessor-version":[{"id":694,"href":"https:\/\/goclub.com.ar\/index.php?rest_route=\/wp\/v2\/pages\/308\/revisions\/694"}],"wp:attachment":[{"href":"https:\/\/goclub.com.ar\/index.php?rest_route=%2Fwp%2Fv2%2Fmedia&parent=308"}],"curies":[{"name":"wp","href":"https:\/\/api.w.org\/{rel}","templated":true}]}}