{"id":359,"date":"2020-09-17T17:06:15","date_gmt":"2020-09-17T20:06:15","guid":{"rendered":"http:\/\/goclub.com.ar\/?page_id=359"},"modified":"2023-01-20T11:34:35","modified_gmt":"2023-01-20T14:34:35","slug":"sobre-go-club","status":"publish","type":"page","link":"https:\/\/goclub.com.ar\/?page_id=359","title":{"rendered":"Sobre Go Club"},"content":{"rendered":"<p>[vc_row full_width=&#8221;stretch_row_content_no_spaces&#8221; css=&#8221;.vc_custom_1602599979198{margin-top: 100px !important;padding-top: 150px !important;padding-bottom: 150px !important;background: #17479b url(http:\/\/goclub.com.ar\/wp-content\/uploads\/2020\/10\/fondo-2.png?id=516) !important;}&#8221;][vc_column]<header class=\"kd-section-title col-lg-12 text-center solid-line sep-border-width-2    \" ><h1 class=\"separator_on\" style=\"color: #ffffff;\">Bision CG Solutions<\/h1><div class=\"kd-separator below_title\" ><div class=\"kd-separator-line\" style=\"border-color:#ffffff\"><\/div><\/div><\/header>[\/vc_column][\/vc_row][vc_row css=&#8221;.vc_custom_1600435192027{margin-top: 80px !important;}&#8221;][vc_column width=&#8221;1\/3&#8243;]<header class=\"kd-section-title col-lg-12 text-left    \" ><h2 class=\"separator_off\" >Bienvenidos a Bision CG Solutions, una empresa de desarrollo de software<\/h2><\/header>[\/vc_column][vc_column width=&#8221;1\/3&#8243;][vc_column_text]Goclub es una herramienta de gesti\u00f3n operacional integral \u201cen la nube\u201d pensado y creado especialmente para Clubes e instituciones afines, creado por la empresa Bision CG Solutions, del grupo Bision, empresa dedicada al desarrollo e implementaci\u00f3n de soluciones de software de \u00faltima generaci\u00f3n, con operaciones en Argentina, Chile y una trayectoria en el sector inform\u00e1tico de m\u00e1s de 13 a\u00f1os.[\/vc_column_text][\/vc_column][vc_column width=&#8221;1\/3&#8243;][vc_column_text]<\/p>\n<section class=\"cont\">\n<article class=\"txt\">\n<div class=\"item-page\">\n<div>\n<p>Bision CG Solutions fui constituida para dar servicio espec\u00edficamente al segmento deportivo buscando ser una empresa con soluciones creativas y que aporte valor real a las instituciones sociales y sin fines de lucro. Nuestra visi\u00f3n apunta a clubes inteligentes sustentables, contando con informaci\u00f3n en l\u00ednea para la correcta toma de decisiones.<\/p>\n<\/div>\n<\/div>\n<\/article>\n<\/section>\n<p>[\/vc_column_text][\/vc_column][vc_column css=&#8221;.vc_custom_1600373241040{padding-right: 15% !important;padding-left: 15% !important;}&#8221;]<div class=\"kd-divider solid_line divider_full_width thin_solid\">\n                <div class=\"divider-line\" style=\"border-color:\"><\/div>\n            <\/div>[\/vc_column][\/vc_row][vc_row css=&#8221;.vc_custom_1600375942146{padding-top: 20px !important;padding-bottom: 70px !important;}&#8221;][vc_column width=&#8221;1\/3&#8243;]<div class=\"key-icon-box icon-default icon-top cont-center ib-hover-1\" style=\"background-color: transparent;\" ><div class=\"ib-wrapper\"><i class=\"fas fa-code\" style=\" \"><\/i> <h5 class=\"service-heading\" >13 a\u00f1os<\/h5><p >de trayectoria en desarrollo de software<\/p><\/div><\/div>[\/vc_column][vc_column width=&#8221;1\/3&#8243;]<div class=\"key-icon-box icon-default icon-top cont-center ib-hover-1\" style=\"background-color: transparent;\" ><div class=\"ib-wrapper\"><i class=\"fas fa-globe-americas\" style=\" \"><\/i> <h5 class=\"service-heading\" >2 pa\u00edses<\/h5><p >donde desarrollamos nuestros proyectos.<\/p><\/div><\/div>[\/vc_column][vc_column width=&#8221;1\/3&#8243;]<div class=\"key-icon-box icon-default icon-top cont-center ib-hover-1\" style=\"background-color: transparent;\" ><div class=\"ib-wrapper\"><i class=\"fas fa-users-cog\" style=\" \"><\/i> <h5 class=\"service-heading\" >20 colaboradores<\/h5><p >integran nuestro equipo de desarrolladores<\/p><\/div><\/div>[\/vc_column][\/vc_row][vc_row full_width=&#8221;stretch_row&#8221; css=&#8221;.vc_custom_1600379502332{margin-bottom: -100px !important;padding-top: 100px !important;padding-bottom: 100px !important;background-color: #f7f7f7 !important;}&#8221;][vc_column width=&#8221;1\/4&#8243; css=&#8221;.vc_custom_1600378339162{padding-right: 50px !important;}&#8221;]<header class=\"kd-section-title col-lg-12 text-left    \" ><h2 class=\"separator_off\" >Habilidades, ingenio y pasi\u00f3n por lo que hacemos<\/h2><h6 class=\"subtitle \" >Tenemos m\u00e1s de 13 a\u00f1os desarrollando proyectos para empresas y entidades de Argentina y Chile, con colaboradores altamente calificados con certificaciones internacionales.<\/h6><\/header>[\/vc_column][vc_column width=&#8221;3\/4&#8243;][vc_row_inner][vc_column_inner width=&#8221;1\/3&#8243;]<div class=\"key-icon-box icon-default icon-top cont-center ib-no-effect\" style=\"background-color: transparent;\" ><i class=\"iconsmind-Monitor-Laptop iconsmind-Desktop-apps\" style=\"font-size: 100px; \"><\/i> <h6 class=\"service-heading\" >Desarrollo de software a medida<\/h6><\/div>[\/vc_column_inner][vc_column_inner width=&#8221;1\/3&#8243;]<div class=\"key-icon-box icon-default icon-top cont-center ib-no-effect\" style=\"background-color: transparent;\" ><i class=\"iconsmind-People-onCloud iconsmind-Cloud-Class\" style=\"font-size: 100px; \"><\/i> <h6 class=\"service-heading\" >Outsourcing<\/h6><\/div>[\/vc_column_inner][vc_column_inner width=&#8221;1\/3&#8243;]<div class=\"key-icon-box icon-default icon-top cont-center ib-no-effect\" style=\"background-color: transparent;\" ><i class=\"fas fa-chart-bar\" style=\"font-size: 100px; \"><\/i> <h6 class=\"service-heading\" >Consultoria IT Servicios<\/h6><\/div>[\/vc_column_inner][\/vc_row_inner][vc_separator css=&#8221;.vc_custom_1603471810907{margin-top: 10px !important;}&#8221;][vc_column_text css=&#8221;.vc_custom_1603472653385{margin-top: 20px !important;}&#8221;]<\/p>\n<h6 style=\"text-align: left; font-size: 18px; font-weigth: 200;\">Entre los principales servicios ofrecidos, se encuentran el desarrollo de software web y mobile, como tambi\u00e9n digitalizamos procesos, trabajamos en proyectos de big data y cloud computing.<\/h6>\n<h6 style=\"text-align: left; font-size: 18px; font-weigth: 200;\">Por otro lado, hemos trabajado en muchos proyectos de Integraci\u00f3n, Gesti\u00f3n documental y Procesos de Negocio (BPM).<\/h6>\n<p>[\/vc_column_text][\/vc_column][\/vc_row][vc_row full_width=&#8221;stretch_row_content_no_spaces&#8221; css=&#8221;.vc_custom_1600446231540{padding-top: 100px !important;}&#8221;][vc_column width=&#8221;1\/2&#8243; css=&#8221;.vc_custom_1603921732356{background-image: url(http:\/\/goclub.com.ar\/wp-content\/uploads\/2020\/09\/about-creative.jpg?id=383) !important;}&#8221; offset=&#8221;vc_hidden-sm vc_hidden-xs&#8221;][vc_empty_space height=&#8221;650px&#8221;][\/vc_column][vc_column width=&#8221;1\/2&#8243; css=&#8221;.vc_custom_1600446207223{margin-top: 70px !important;padding-top: 100px !important;padding-right: 15% !important;padding-bottom: 100px !important;padding-left: 15% !important;}&#8221;]<header class=\"kd-section-title col-lg-12 text-center    \" ><h2 class=\"separator_off\" >Contamos con vasta experiencia en desarrollo de software y queremos representarlo con algunos n\u00fameros<\/h2><\/header>[vc_row_inner css=&#8221;.vc_custom_1600446123049{margin-left: -40px !important;}&#8221;][vc_column_inner width=&#8221;1\/2&#8243;][vc_column_text]<\/p>\n<h1 style=\"font-size: 80px; text-align: center;\">100<span style=\"color: #0080bf;\">+<\/span><\/h1>\n<p>[\/vc_column_text][vc_column_text]<\/p>\n<p style=\"text-align: center;\">Sistemas creados para entes gubernamentales e instituciones<\/p>\n<p>[\/vc_column_text][\/vc_column_inner][vc_column_inner width=&#8221;1\/2&#8243;][vc_column_text]<\/p>\n<h1 style=\"font-size: 80px; text-align: center;\">65<span style=\"color: #0080bf;\">+<\/span><\/h1>\n<p>[\/vc_column_text][vc_column_text]<\/p>\n<p style=\"text-align: center;\">Empresas e instituciones con los que compartimos proyectos<\/p>\n<p>[\/vc_column_text][\/vc_column_inner][\/vc_row_inner][\/vc_column][\/vc_row][vc_row full_width=&#8221;stretch_row_content_no_spaces&#8221; css=&#8221;.vc_custom_1600446259612{margin-bottom: -50px !important;padding-top: 100px !important;padding-bottom: 50px !important;background: #f7f7f7 url(http:\/\/goclub.com.ar\/wp-content\/uploads\/2020\/09\/triangles-small.png?id=205) !important;}&#8221;][vc_column]<header class=\"kd-section-title col-lg-12 text-center    \" ><h1 class=\"separator_off\" >\u00a1Conozca GoClub!<\/h1><h6 class=\"subtitle \" >P\u00f3ngase en contacto con nuestros asesores y comience a gestionar su instituci\u00f3n con GoClub.<\/h6><\/header><a  href=\"https:\/\/goclub.com.ar\/?page_id=410\"  target=\"_self\"  title=\"Contacto\" class=\"tt_button tt_primary_button btn_primary_color  button-center button-action-link icon_left\" ><span class=\" iconita\"><\/span><span class=\"prim_text\">Cont\u00e1ctenos<\/span><\/a>[vc_column_text css=&#8221;.vc_custom_1674225273429{margin-top: 5px !important;}&#8221;]<\/p>\n<p style=\"text-align: center;\"><a href=\"https:\/\/goclub.com.ar\/?page_id=185\">Conocer otras funciones<\/a><\/p>\n<p>[\/vc_column_text][\/vc_column][\/vc_row]<\/p>\n","protected":false},"excerpt":{"rendered":"<p>[vc_row full_width=&#8221;stretch_row_content_no_spaces&#8221; css=&#8221;.vc_custom_1602599979198{margin-top: 100px !important;padding-top: 150px !important;padding-bottom: 150px !important;background: #17479b url(http:\/\/goclub.com.ar\/wp-content\/uploads\/2020\/10\/fondo-2.png?id=516) !important;}&#8221;][vc_column][\/vc_column][\/vc_row][vc_row css=&#8221;.vc_custom_1600435192027{margin-top: 80px !important;}&#8221;][vc_column width=&#8221;1\/3&#8243;][\/vc_column][vc_column width=&#8221;1\/3&#8243;][vc_column_text]Goclub es una herramienta [&hellip;]<\/p>\n","protected":false},"author":1,"featured_media":0,"parent":0,"menu_order":0,"comment_status":"closed","ping_status":"closed","template":"","meta":[],"_links":{"self":[{"href":"https:\/\/goclub.com.ar\/index.php?rest_route=\/wp\/v2\/pages\/359"}],"collection":[{"href":"https:\/\/goclub.com.ar\/index.php?rest_route=\/wp\/v2\/pages"}],"about":[{"href":"https:\/\/goclub.com.ar\/index.php?rest_route=\/wp\/v2\/types\/page"}],"author":[{"embeddable":true,"href":"https:\/\/goclub.com.ar\/index.php?rest_route=\/wp\/v2\/users\/1"}],"replies":[{"embeddable":true,"href":"https:\/\/goclub.com.ar\/index.php?rest_route=%2Fwp%2Fv2%2Fcomments&post=359"}],"version-history":[{"count":71,"href":"https:\/\/goclub.com.ar\/index.php?rest_route=\/wp\/v2\/pages\/359\/revisions"}],"predecessor-version":[{"id":690,"href":"https:\/\/goclub.com.ar\/index.php?rest_route=\/wp\/v2\/pages\/359\/revisions\/690"}],"wp:attachment":[{"href":"https:\/\/goclub.com.ar\/index.php?rest_route=%2Fwp%2Fv2%2Fmedia&parent=359"}],"curies":[{"name":"wp","href":"https:\/\/api.w.org\/{rel}","templated":true}]}}